{"id":9562,"date":"2025-12-24T13:44:24","date_gmt":"2025-12-24T12:44:24","guid":{"rendered":"https:\/\/colorpluspaterna.com\/legal-notice\/"},"modified":"2026-03-04T17:32:15","modified_gmt":"2026-03-04T16:32:15","slug":"legal-notice","status":"publish","type":"page","link":"https:\/\/colorpluspaterna.com\/en\/legal-notice\/","title":{"rendered":"Legal Notice"},"content":{"rendered":"<h5 class=\"western\" style=\"text-align: justify;\">1. COMPANY DETAILS<\/h5>\n<p style=\"text-align: justify;\">colorpluspaterna.com (hereinafter <span><strong>THE WEBSITE<\/strong><\/span>) is a domain owned by Liliana Hern\u00e1ndez Churi\u00f3n (hereinafter <strong>THE COMPANY<\/strong>), with email address info@colorpluspaterna.com, Tax ID (NIF): 60676330F and registered address at Calle Falaguera 1 \u2013 Local 4, Postcode 46980 Paterna (Valencia); duly registered and legally established.<\/p>\n<h5 class=\"western\" style=\"text-align: justify;\">2. INTELLECTUAL PROPERTY OF THE WEBSITE<\/h5>\n<p style=\"text-align: justify;\">Reproduction, distribution, public communication, or transformation, in whole or in part, is prohibited without the express authorization of THE COMPANY. Likewise, all trade names, trademarks, or distinctive signs of any kind contained on THE WEBSITE are protected by law.<\/p>\n<p style=\"text-align: justify;\">All intellectual property rights to the content of this Website, its design and images, are owned by THE COMPANY, which exclusively exercises the exploitation rights thereof, except for those used in the blog\/community section, which belong to their respective authors or companies and are used solely for promotional purposes.<\/p>\n<p style=\"text-align: justify;\">THE COMPANY provides a range of Internet services to its users and customers.<\/p>\n<p style=\"text-align: justify;\">By accepting the terms of use, any infringement of intellectual property rights is explicitly prohibited. We request that the owners of such rights contact us if any user of our service has committed an infringement. <\/p>\n<p style=\"text-align: justify;\">Any article or image that is subject to infringement will be removed without prior notice.<\/p>\n<p style=\"text-align: justify;\">If you believe that your intellectual property rights have been violated by a user of our service, please send us a notification including the following information:<\/p>\n<p style=\"text-align: justify;\">1. Identification of the copyright, trademark, or other right that has allegedly been infringed.<br \/>2. The complete address (URL) of the products and\/or designs in question (Note: only the address colorpluspaterna.com is not sufficient).<br \/>3. Your name, address, telephone number, and email.<br \/>4. A statement declaring in good faith that the material subject to the complaint indeed infringes the law or your rights.<br \/>5. A statement confirming that all the information provided is accurate and truthful.    <\/p>\n<p style=\"text-align: justify;\">You may send this information by email to: <span>info@colorpluspaterna.com<\/span><\/p>\n<h5 class=\"western\" style=\"text-align: justify;\">3. UPDATE AND MODIFICATION OF THE WEBSITE<\/h5>\n<p style=\"text-align: justify;\">THE COMPANY reserves the right to update, modify, or delete the information contained on its Website at any time, without prior notice, as well as its configuration or presentation, and assumes no liability for doing so.<\/p>\n<h5 style=\"text-align: justify;\">4. WEBSITE CONTENT AND LINKS<\/h5>\n<p style=\"text-align: justify;\">THE COMPANY shall not be responsible for any misuse made of the contents of THE WEBSITE, which shall be the sole responsibility of the person accessing or using them.<\/p>\n<p style=\"text-align: justify;\">Likewise, no responsibility is assumed for the information contained on third-party websites that may be accessed through links or search engines from THE WEBSITE.<\/p>\n<h5 class=\"western\" style=\"text-align: justify;\">5. TECHNICAL ASPECTS<\/h5>\n<p style=\"text-align: justify;\">THE COMPANY assumes no liability for any technical problems or failures in computer equipment not attributable to our Company that may occur during connection to the Internet network, nor for any damage that may be caused by third parties through unlawful interference beyond the control of THE COMPANY.<\/p>\n<p style=\"text-align: justify;\">THE COMPANY is also exempt from any liability for possible damages that the user may suffer as a result of errors, defects, or omissions in the information provided when it comes from sources other than THE COMPANY.<\/p>\n<h5 class=\"western\" style=\"text-align: justify;\">6. ACCESSIBILITY STATEMENT<\/h5>\n<p style=\"text-align: justify;\"><strong>Introduction<\/strong><br \/>\nThis website is committed to making its content accessible in accordance with the accessibility requirements of the Digital Kit Program, pursuant to the annexes of UNE-EN 301 549:2022.<\/p>\n<p style=\"text-align: justify;\"><strong>Compliance Status<\/strong><br \/>\nThe web technologies on which the accessibility compliance of this site is based include HTML5, CSS, WAI-ARIA, as well as OTHER WordPress platform technologies: https:\/\/wordpress.org<\/p>\n<p style=\"text-align: justify;\">For the above reasons, this website is PARTIALLY COMPLIANT. The accessibility aspects with which this website complies are as follows:<\/p>\n<p style=\"text-align: justify;\"><strong>Generic requirements<\/strong><br \/>\n5.2 Activation of accessibility features (Conditional)<br \/>\n<strong>Requisitos web<\/strong><br \/>\n9.1.1.1 Contenido no textual (Condicional)<br \/>\n9.1.2.1 Audio-only and Video-only (Prerecorded) (Conditional)<br \/>\n9.1.2.2 Captions (Prerecorded) (Conditional)<br \/>\n9.1.2.3 Audio Description or Media Alternative (Prerecorded) (Conditional)<br \/>\n9.1.2.5 Audio Description (Prerecorded) (Conditional)<br \/>\n9.1.3.2 Meaningful Sequence (Conditional)<br \/>\n9.1.3.3 Sensory Characteristics (Conditional)<br \/>\n9.1.3.4 Orientation (Conditional)<br \/>\n9.1.4.1 Use of Color (Conditional)<br \/>\n9.1.4.2 Audio Control (Conditional)<br \/>\n9.1.4.3 Contrast (Minimum) (Conditional)<br \/>\n9.1.4.4 Resize Text (Conditional)<br \/>\n9.1.4.5 Images of Text (Conditional)<br \/>\n9.1.4.10 Reflow (Conditional)<br \/>\n9.1.4.11 Non-text Contrast (Conditional)<br \/>\n9.1.4.12 Text Spacing (Conditional)<br \/>\n9.1.4.13 Content on Hover or Focus (Conditional)<br \/>\n9.2.1.1 Keyboard (Conditional)<br \/>\n9.2.1.2 No Keyboard Trap (Conditional)<br \/>\n9.2.1.4 Character Key Shortcuts (Conditional)<br \/>\n9.2.2.1 Timing Adjustable (Conditional)<br \/>\n9.2.2.2 Pause, Stop, Hide (Conditional)<br \/>\n9.2.3.1 Three Flashes or Below Threshold (Conditional)<br \/>\n9.2.4.2 Page Titled (Conditional)<br \/>\n9.2.4.3 Focus Order (Conditional)<br \/>\n9.2.4.4 Link Purpose (In Context) (Conditional)<br \/>\n9.2.4.6 Headings and Labels (Conditional)<br \/>\n9.2.4.7 Focus Visible (Conditional)<br \/>\n9.2.5.1 Pointer Gestures (Conditional)<br \/>\n9.2.5.2 Pointer Cancellation (Conditional)<br \/>\n9.2.5.3 Label in Name (Conditional)<br \/>\n9.2.5.4 Motion Actuation (Conditional)<br \/>\n9.3.1.1 Language of Page (Conditional)<br \/>\n9.3.1.2 Language of Parts (Conditional)<br \/>\n9.3.2.1 On Focus (Conditional)<br \/>\n9.3.2.2 On Input (Conditional)<br \/>\n9.3.2.3 Consistent Navigation (Conditional)<br \/>\n9.3.2.4 Consistent Identification (Conditional)<br \/>\n9.3.3.4 Error Prevention (Legal, Financial, Data) (Conditional)<br \/>\n9.6 WCAG Conformance Requirements (Conditional)<br \/>\n<strong>Software requirements<\/strong><br \/>\n11.7 User Preferences<br \/>\n11.8.1 Content Management Technology (Conditional)<br \/>\n11.8.2 Accessible Content Creation (Conditional)<br \/>\n11.8.3 Preservation of Accessibility Information during Transformations (Conditional)<br \/>\n<strong>Documentation and Support Services requirements<\/strong><br \/>\n12.1.1 Accessibility and Compatibility Features<br \/>\n12.1.2 Accessible Documentation<br \/>\n12.2.2 Information on Accessibility and Compatibility Features<\/p>\n<p style=\"text-align: justify;\"><strong>Non-accessible Content<\/strong><br \/>\nConversely, the content of the following points is not accessible for the reasons indicated below:<\/p>\n<p style=\"text-align: justify;\">9.1.3.1 Info and Relationships (Conditional)<br \/>\nInformation, structure, and relationships conveyed through presentation can be programmatically determined or are available as text.<br \/>\nhttps:\/\/www.w3.org\/TR\/WCAG\/#info-and-relationships<br \/>9.1.3.5 Identify Input Purpose (Conditional)<br \/>\nThe purpose of each input field collecting user information can be programmatically determined when:<br \/>\n\u2013 The input field serves an identification purpose within the input purposes for user interface components, and<br \/>\n\u2013 The content is implemented using technologies that support identifying the expected meaning of input data in forms.<br \/>\nhttps:\/\/www.w3.org\/TR\/WCAG\/#identify-input-purpose<br \/>\n9.2.4.1 Bypass Blocks (Conditional)<br \/>\nA mechanism is available to bypass blocks of content that are repeated on multiple web pages (Level A).<br \/>\nhttps:\/\/www.w3.org\/TR\/WCAG\/#bypass-blocks<br \/>\n9.2.4.5 Multiple Ways (Conditional)<br \/>\n9.3.3.1 Error Identification (Conditional)<br \/>\nIf an input error is automatically detected, the erroneous element is identified and the error is described to the user in text (Level A).<br \/>\nhttps:\/\/www.w3.org\/TR\/WCAG\/#error-identification<br \/>\n9.3.3.2 Labels or Instructions (Conditional)<br \/>\n9.3.3.3 Error Suggestion (Conditional)<br \/>\n9.4.1.1 Parsing (Conditional)<br \/>\n9.4.1.2 Name, Role, Value (Conditional)<br \/>\n9.4.1.3 Status Messages (Conditional)<br \/>\n11.8.4 Repair Service (Conditional)<br \/>\n11.8.5 Templates (Conditional)<br \/>\n12.2.3 Effective Communication<br \/>\nThe support service must meet the needs of people with disabilities, either directly or through a reference point.<br \/>\n12.2.4 Accessible Documentation<\/p>\n<p style=\"text-align: justify;\"><strong>Preparation of this Accessibility Statement<\/strong><br \/>\nThis statement was prepared on January 9, 2026.<\/p>\n<p style=\"text-align: justify;\">The method used to prepare the statement was a self-assessment following the interpretative guidance provided by WCAG 2.1 AA guidelines. In this ongoing effort to remove barriers, improvements will continue until optimal accessibility and usability for all users are achieved. Last review of the statement: January 9, 2026.<\/p>\n<p style=\"text-align: justify;\">\u00daltima revisi\u00f3n de la declaraci\u00f3n: 9 de enero de 2026<\/p>\n<p style=\"text-align: justify;\"><strong>Comments and Contact Information<\/strong><br \/>\nIf you encounter accessibility barriers or problems with any page or feature of this website that may hinder visitors from accessing it, you may contact us at any time at the following email address: <span>info@colorpluspaterna.com<\/span>.<\/p>\n<p style=\"text-align: justify;\">You can activate accessibility features via the orange square icon with a white person figure located in the upper right corner (Accessibility).<\/p>\n<h5 class=\"western\" style=\"text-align: justify;\">7. USER DATA PROCESSING<\/h5>\n<p style=\"text-align: justify;\"><em>Please refer to the <a href=\"https:\/\/colorpluspaterna.com\/en\/privacy-policy\/\">Privacy Policy<\/a>.<\/em><\/p>\n<h5 class=\"western\" style=\"text-align: justify;\">8. APPLICABLE LAW AND JURISDICTION<\/h5>\n<p style=\"text-align: justify;\">In general, the relationship between THE COMPANY and its clients arising from the provision of services contained on THE WEBSITE shall be governed by Spanish legislation and jurisdiction.<\/p>\n<p style=\"text-align: justify;\">Users of THE WEBSITE are aware of the above and voluntarily accept it.<\/p>\n<h5 class=\"western\" style=\"text-align: justify;\">9. SECURITY OF ACCESS<\/h5>\n<p style=\"text-align: justify;\">El acceso a las p\u00e1ginas a trav\u00e9s de las que el cliente de LA EMPRESA consulte datos personales, solicite informaci\u00f3n complementaria o contrate alguno de los productos que ofertamos se realiza a trav\u00e9s de l\u00ednea segura.<\/p>\n<h5 class=\"western\" style=\"text-align: justify;\">10. LEGISLATION AND JURISDICTION<\/h5>\n<p style=\"text-align: justify;\">These general conditions shall be interpreted in accordance with the current legislation in Spain, which shall apply subsidiarily in all matters not provided for herein (essentially Law 34\/2002 of July 11 on Information Society Services and Electronic Commerce).<\/p>\n","protected":false},"excerpt":{"rendered":"<p>1. COMPANY DETAILS colorpluspaterna.com (hereinafter THE WEBSITE) is a domain owned by Liliana Hern\u00e1ndez Churi\u00f3n (hereinafter THE COMPANY), with email address info@colorpluspaterna.com, Tax ID (NIF): 60676330F and registered address at Calle Falaguera 1 \u2013 Local 4, Postcode 46980 Paterna (Valencia); duly registered and legally established. 2. INTELLECTUAL PROPERTY OF THE WEBSITE Reproduction, distribution, public communication,&#8230;<\/p>\n","protected":false},"author":2,"featured_media":0,"parent":0,"menu_order":0,"comment_status":"closed","ping_status":"closed","template":"","meta":{"footnotes":""},"class_list":["post-9562","page","type-page","status-publish","hentry"],"yoast_head":"<!-- This site is optimized with the Yoast SEO plugin v27.4 - https:\/\/yoast.com\/product\/yoast-seo-wordpress\/ -->\n<title>Legal Notice &#187; Color Plus Platerna \/ Il Mercantino<\/title>\n<meta name=\"robots\" content=\"noindex, nofollow\" \/>\n<meta property=\"og:locale\" content=\"en_US\" \/>\n<meta property=\"og:type\" content=\"article\" \/>\n<meta property=\"og:title\" content=\"Legal Notice &#187; Color Plus Platerna \/ Il Mercantino\" \/>\n<meta property=\"og:description\" content=\"1. COMPANY DETAILS colorpluspaterna.com (hereinafter THE WEBSITE) is a domain owned by Liliana Hern\u00e1ndez Churi\u00f3n (hereinafter THE COMPANY), with email address info@colorpluspaterna.com, Tax ID (NIF): 60676330F and registered address at Calle Falaguera 1 \u2013 Local 4, Postcode 46980 Paterna (Valencia); duly registered and legally established. 2. INTELLECTUAL PROPERTY OF THE WEBSITE Reproduction, distribution, public communication,...\" \/>\n<meta property=\"og:url\" content=\"https:\/\/colorpluspaterna.com\/en\/legal-notice\/\" \/>\n<meta property=\"og:site_name\" content=\"Color Plus Platerna \/ Il Mercantino\" \/>\n<meta property=\"article:publisher\" content=\"https:\/\/www.facebook.com\/p\/Color-Plus-Paterna-100051591761852\/\" \/>\n<meta property=\"article:modified_time\" content=\"2026-03-04T16:32:15+00:00\" \/>\n<meta name=\"twitter:card\" content=\"summary_large_image\" \/>\n<meta name=\"twitter:label1\" content=\"Est. reading time\" \/>\n\t<meta name=\"twitter:data1\" content=\"6 minutes\" \/>\n<script type=\"application\/ld+json\" class=\"yoast-schema-graph\">{\"@context\":\"https:\\\/\\\/schema.org\",\"@graph\":[{\"@type\":\"WebPage\",\"@id\":\"https:\\\/\\\/colorpluspaterna.com\\\/en\\\/legal-notice\\\/\",\"url\":\"https:\\\/\\\/colorpluspaterna.com\\\/en\\\/legal-notice\\\/\",\"name\":\"Legal Notice &#187; Color Plus Platerna \\\/ Il Mercantino\",\"isPartOf\":{\"@id\":\"https:\\\/\\\/colorpluspaterna.com\\\/#website\"},\"datePublished\":\"2025-12-24T12:44:24+00:00\",\"dateModified\":\"2026-03-04T16:32:15+00:00\",\"breadcrumb\":{\"@id\":\"https:\\\/\\\/colorpluspaterna.com\\\/en\\\/legal-notice\\\/#breadcrumb\"},\"inLanguage\":\"en-US\",\"potentialAction\":[{\"@type\":\"ReadAction\",\"target\":[\"https:\\\/\\\/colorpluspaterna.com\\\/en\\\/legal-notice\\\/\"]}]},{\"@type\":\"BreadcrumbList\",\"@id\":\"https:\\\/\\\/colorpluspaterna.com\\\/en\\\/legal-notice\\\/#breadcrumb\",\"itemListElement\":[{\"@type\":\"ListItem\",\"position\":1,\"name\":\"Portada\",\"item\":\"https:\\\/\\\/colorpluspaterna.com\\\/en\\\/\"},{\"@type\":\"ListItem\",\"position\":2,\"name\":\"Legal Notice\"}]},{\"@type\":\"WebSite\",\"@id\":\"https:\\\/\\\/colorpluspaterna.com\\\/#website\",\"url\":\"https:\\\/\\\/colorpluspaterna.com\\\/\",\"name\":\"Color Plus Platerna\",\"description\":\"Papeler\u00eda y Copister\u00eda Color Plus de Platerna\",\"publisher\":{\"@id\":\"https:\\\/\\\/colorpluspaterna.com\\\/#organization\"},\"alternateName\":\"Color Plus\",\"potentialAction\":[{\"@type\":\"SearchAction\",\"target\":{\"@type\":\"EntryPoint\",\"urlTemplate\":\"https:\\\/\\\/colorpluspaterna.com\\\/?s={search_term_string}\"},\"query-input\":{\"@type\":\"PropertyValueSpecification\",\"valueRequired\":true,\"valueName\":\"search_term_string\"}}],\"inLanguage\":\"en-US\"},{\"@type\":\"Organization\",\"@id\":\"https:\\\/\\\/colorpluspaterna.com\\\/#organization\",\"name\":\"Color Plus Platerna\",\"alternateName\":\"Color Plus\",\"url\":\"https:\\\/\\\/colorpluspaterna.com\\\/\",\"logo\":{\"@type\":\"ImageObject\",\"inLanguage\":\"en-US\",\"@id\":\"https:\\\/\\\/colorpluspaterna.com\\\/#\\\/schema\\\/logo\\\/image\\\/\",\"url\":\"https:\\\/\\\/colorpluspaterna.com\\\/wp-content\\\/uploads\\\/2025\\\/12\\\/icon.png\",\"contentUrl\":\"https:\\\/\\\/colorpluspaterna.com\\\/wp-content\\\/uploads\\\/2025\\\/12\\\/icon.png\",\"width\":804,\"height\":804,\"caption\":\"Color Plus Platerna\"},\"image\":{\"@id\":\"https:\\\/\\\/colorpluspaterna.com\\\/#\\\/schema\\\/logo\\\/image\\\/\"},\"sameAs\":[\"https:\\\/\\\/www.facebook.com\\\/p\\\/Color-Plus-Paterna-100051591761852\\\/\",\"https:\\\/\\\/www.instagram.com\\\/colorpluspaterna\\\/\"]}]}<\/script>\n<!-- \/ Yoast SEO plugin. -->","yoast_head_json":{"title":"Legal Notice &#187; Color Plus Platerna \/ Il Mercantino","robots":{"index":"noindex","follow":"nofollow"},"og_locale":"en_US","og_type":"article","og_title":"Legal Notice &#187; Color Plus Platerna \/ Il Mercantino","og_description":"1. COMPANY DETAILS colorpluspaterna.com (hereinafter THE WEBSITE) is a domain owned by Liliana Hern\u00e1ndez Churi\u00f3n (hereinafter THE COMPANY), with email address info@colorpluspaterna.com, Tax ID (NIF): 60676330F and registered address at Calle Falaguera 1 \u2013 Local 4, Postcode 46980 Paterna (Valencia); duly registered and legally established. 2. INTELLECTUAL PROPERTY OF THE WEBSITE Reproduction, distribution, public communication,...","og_url":"https:\/\/colorpluspaterna.com\/en\/legal-notice\/","og_site_name":"Color Plus Platerna \/ Il Mercantino","article_publisher":"https:\/\/www.facebook.com\/p\/Color-Plus-Paterna-100051591761852\/","article_modified_time":"2026-03-04T16:32:15+00:00","twitter_card":"summary_large_image","twitter_misc":{"Est. reading time":"6 minutes"},"schema":{"@context":"https:\/\/schema.org","@graph":[{"@type":"WebPage","@id":"https:\/\/colorpluspaterna.com\/en\/legal-notice\/","url":"https:\/\/colorpluspaterna.com\/en\/legal-notice\/","name":"Legal Notice &#187; Color Plus Platerna \/ Il Mercantino","isPartOf":{"@id":"https:\/\/colorpluspaterna.com\/#website"},"datePublished":"2025-12-24T12:44:24+00:00","dateModified":"2026-03-04T16:32:15+00:00","breadcrumb":{"@id":"https:\/\/colorpluspaterna.com\/en\/legal-notice\/#breadcrumb"},"inLanguage":"en-US","potentialAction":[{"@type":"ReadAction","target":["https:\/\/colorpluspaterna.com\/en\/legal-notice\/"]}]},{"@type":"BreadcrumbList","@id":"https:\/\/colorpluspaterna.com\/en\/legal-notice\/#breadcrumb","itemListElement":[{"@type":"ListItem","position":1,"name":"Portada","item":"https:\/\/colorpluspaterna.com\/en\/"},{"@type":"ListItem","position":2,"name":"Legal Notice"}]},{"@type":"WebSite","@id":"https:\/\/colorpluspaterna.com\/#website","url":"https:\/\/colorpluspaterna.com\/","name":"Color Plus Platerna","description":"Papeler\u00eda y Copister\u00eda Color Plus de Platerna","publisher":{"@id":"https:\/\/colorpluspaterna.com\/#organization"},"alternateName":"Color Plus","potentialAction":[{"@type":"SearchAction","target":{"@type":"EntryPoint","urlTemplate":"https:\/\/colorpluspaterna.com\/?s={search_term_string}"},"query-input":{"@type":"PropertyValueSpecification","valueRequired":true,"valueName":"search_term_string"}}],"inLanguage":"en-US"},{"@type":"Organization","@id":"https:\/\/colorpluspaterna.com\/#organization","name":"Color Plus Platerna","alternateName":"Color Plus","url":"https:\/\/colorpluspaterna.com\/","logo":{"@type":"ImageObject","inLanguage":"en-US","@id":"https:\/\/colorpluspaterna.com\/#\/schema\/logo\/image\/","url":"https:\/\/colorpluspaterna.com\/wp-content\/uploads\/2025\/12\/icon.png","contentUrl":"https:\/\/colorpluspaterna.com\/wp-content\/uploads\/2025\/12\/icon.png","width":804,"height":804,"caption":"Color Plus Platerna"},"image":{"@id":"https:\/\/colorpluspaterna.com\/#\/schema\/logo\/image\/"},"sameAs":["https:\/\/www.facebook.com\/p\/Color-Plus-Paterna-100051591761852\/","https:\/\/www.instagram.com\/colorpluspaterna\/"]}]}},"_links":{"self":[{"href":"https:\/\/colorpluspaterna.com\/en\/wp-json\/wp\/v2\/pages\/9562","targetHints":{"allow":["GET"]}}],"collection":[{"href":"https:\/\/colorpluspaterna.com\/en\/wp-json\/wp\/v2\/pages"}],"about":[{"href":"https:\/\/colorpluspaterna.com\/en\/wp-json\/wp\/v2\/types\/page"}],"author":[{"embeddable":true,"href":"https:\/\/colorpluspaterna.com\/en\/wp-json\/wp\/v2\/users\/2"}],"replies":[{"embeddable":true,"href":"https:\/\/colorpluspaterna.com\/en\/wp-json\/wp\/v2\/comments?post=9562"}],"version-history":[{"count":1,"href":"https:\/\/colorpluspaterna.com\/en\/wp-json\/wp\/v2\/pages\/9562\/revisions"}],"predecessor-version":[{"id":9819,"href":"https:\/\/colorpluspaterna.com\/en\/wp-json\/wp\/v2\/pages\/9562\/revisions\/9819"}],"wp:attachment":[{"href":"https:\/\/colorpluspaterna.com\/en\/wp-json\/wp\/v2\/media?parent=9562"}],"curies":[{"name":"wp","href":"https:\/\/api.w.org\/{rel}","templated":true}]}}